{"id":14,"date":"2026-04-10T18:31:12","date_gmt":"2026-04-10T18:31:12","guid":{"rendered":"https:\/\/imeservice.com.br\/?page_id=14"},"modified":"2026-04-18T09:21:26","modified_gmt":"2026-04-18T09:21:26","slug":"nossos-cursos","status":"publish","type":"page","link":"https:\/\/imeservice.com.br\/?page_id=14","title":{"rendered":"Nossos Cursos"},"content":{"rendered":"\t\t<div data-elementor-type=\"wp-page\" data-elementor-id=\"14\" class=\"elementor elementor-14\" data-elementor-post-type=\"page\">\n\t\t\t\t<div class=\"elementor-element elementor-element-4d80b87 e-con-full e-flex e-con e-parent\" data-id=\"4d80b87\" data-element_type=\"container\" data-e-type=\"container\" data-settings=\"{&quot;background_background&quot;:&quot;classic&quot;}\">\n\t\t\t\t<div class=\"elementor-element elementor-element-c2ae6d1 elementor-widget__width-initial elementor-widget elementor-widget-heading\" data-id=\"c2ae6d1\" data-element_type=\"widget\" data-e-type=\"widget\" data-widget_type=\"heading.default\">\n\t\t\t\t\t<h2 class=\"elementor-heading-title elementor-size-default\">Nossos cursos <\/h2>\t\t\t\t<\/div>\n\t\t\t\t<\/div>\n\t\t<div class=\"elementor-element elementor-element-108214e e-con-full e-flex e-con e-parent\" data-id=\"108214e\" data-element_type=\"container\" data-e-type=\"container\">\n\t\t\t\t<div class=\"elementor-element elementor-element-3cdc6c3 elementor-widget__width-initial elementor-widget-mobile__width-initial elementor-widget elementor-widget-heading\" data-id=\"3cdc6c3\" data-element_type=\"widget\" data-e-type=\"widget\" data-widget_type=\"heading.default\">\n\t\t\t\t\t<h2 class=\"elementor-heading-title elementor-size-default\">Treinamentos e Consultoria em Engenharia Industrial<\/h2>\t\t\t\t<\/div>\n\t\t\t\t<div class=\"elementor-element elementor-element-d335ea9 elementor-widget__width-initial elementor-widget-mobile__width-initial elementor-widget elementor-widget-text-editor\" data-id=\"d335ea9\" data-element_type=\"widget\" data-e-type=\"widget\" data-widget_type=\"text-editor.default\">\n\t\t\t\t\t\t\t\t\t<p>Capacita\u00e7\u00e3o t\u00e9cnica de alto n\u00edvel e solu\u00e7\u00f5es estrat\u00e9gicas para o mercado 4.0. Aprenda com quem atuou nas maiores ind\u00fastrias do pa\u00eds.<\/p>\t\t\t\t\t\t\t\t<\/div>\n\t\t\t\t<div class=\"elementor-element elementor-element-157c23c elementor-widget elementor-widget-button\" data-id=\"157c23c\" data-element_type=\"widget\" data-e-type=\"widget\" data-widget_type=\"button.default\">\n\t\t\t\t\t\t\t\t\t\t<a class=\"elementor-button elementor-button-link elementor-size-sm\" href=\"#\">\n\t\t\t\t\t\t<span class=\"elementor-button-content-wrapper\">\n\t\t\t\t\t\t\t\t\t<span class=\"elementor-button-text\">Solicitar Or\u00e7amento para Turmas<\/span>\n\t\t\t\t\t<\/span>\n\t\t\t\t\t<\/a>\n\t\t\t\t\t\t\t\t<\/div>\n\t\t\t\t<\/div>\n\t\t<div class=\"elementor-element elementor-element-cb87bda e-flex e-con-boxed e-con e-parent\" data-id=\"cb87bda\" data-element_type=\"container\" data-e-type=\"container\">\n\t\t\t\t\t<div class=\"e-con-inner\">\n\t\t<div class=\"elementor-element elementor-element-1eca617 e-grid e-con-full elementor-invisible e-con e-child\" data-id=\"1eca617\" data-element_type=\"container\" data-e-type=\"container\" data-settings=\"{&quot;animation&quot;:&quot;slideInUp&quot;}\">\n\t\t<div class=\"elementor-element elementor-element-4ee694f e-con-full e-flex e-con e-child\" data-id=\"4ee694f\" data-element_type=\"container\" data-e-type=\"container\">\n\t\t\t\t<div class=\"elementor-element elementor-element-d5d6dac elementor-cta--valign-middle elementor-widget__width-initial elementor-cta--layout-image-above elementor-cta--skin-classic elementor-animated-content elementor-bg-transform elementor-bg-transform-zoom-in elementor-widget elementor-widget-call-to-action\" data-id=\"d5d6dac\" data-element_type=\"widget\" data-e-type=\"widget\" data-widget_type=\"call-to-action.default\">\n\t\t\t\t\t\t\t<div class=\"elementor-cta\">\n\t\t\t\t\t<div class=\"elementor-cta__bg-wrapper\">\n\t\t\t\t<div class=\"elementor-cta__bg elementor-bg\" style=\"background-image: url(https:\/\/imeservice.com.br\/wp-content\/uploads\/2026\/04\/Consultoria-Tecnica-300x300.png);\" role=\"img\" aria-label=\"Consultoria T\u00e9cnica\"><\/div>\n\t\t\t\t<div class=\"elementor-cta__bg-overlay\"><\/div>\n\t\t\t<\/div>\n\t\t\t\t\t\t\t<div class=\"elementor-cta__content\">\n\t\t\t\t\n\t\t\t\t\t\t\t\t\t<h2 class=\"elementor-cta__title elementor-cta__content-item elementor-content-item\">\n\t\t\t\t\t\tConsultoria T\u00e9cnica\t\t\t\t\t<\/h2>\n\t\t\t\t\n\t\t\t\t\t\t\t\t\t<div class=\"elementor-cta__description elementor-cta__content-item elementor-content-item\">\n\t\t\t\t\t\tFocado em Engenharia de Manuten\u00e7\u00e3o, Auditorias e Per\u00edcias.\t\t\t\t\t<\/div>\n\t\t\t\t\n\t\t\t\t\t\t\t\t\t<div class=\"elementor-cta__button-wrapper elementor-cta__content-item elementor-content-item \">\n\t\t\t\t\t<a class=\"elementor-cta__button elementor-button elementor-size-\">\n\t\t\t\t\t\tSaiba mais \t\t\t\t\t<\/a>\n\t\t\t\t\t<\/div>\n\t\t\t\t\t\t\t<\/div>\n\t\t\t\t\t\t<\/div>\n\t\t\t\t\t\t<\/div>\n\t\t\t\t<\/div>\n\t\t<div class=\"elementor-element elementor-element-1bf4652 e-con-full e-flex e-con e-child\" data-id=\"1bf4652\" data-element_type=\"container\" data-e-type=\"container\">\n\t\t\t\t<div class=\"elementor-element elementor-element-448ec5f elementor-cta--valign-middle elementor-widget__width-initial elementor-cta--layout-image-above elementor-cta--skin-classic elementor-animated-content elementor-bg-transform elementor-bg-transform-zoom-in elementor-widget elementor-widget-call-to-action\" data-id=\"448ec5f\" data-element_type=\"widget\" data-e-type=\"widget\" data-widget_type=\"call-to-action.default\">\n\t\t\t\t\t\t\t<div class=\"elementor-cta\">\n\t\t\t\t\t<div class=\"elementor-cta__bg-wrapper\">\n\t\t\t\t<div class=\"elementor-cta__bg elementor-bg\" style=\"background-image: url(https:\/\/imeservice.com.br\/wp-content\/uploads\/2026\/04\/Manutencao-Industrial-300x300.png);\" role=\"img\" aria-label=\"Manuten\u00e7\u00e3o Industrial\"><\/div>\n\t\t\t\t<div class=\"elementor-cta__bg-overlay\"><\/div>\n\t\t\t<\/div>\n\t\t\t\t\t\t\t<div class=\"elementor-cta__content\">\n\t\t\t\t\n\t\t\t\t\t\t\t\t\t<h2 class=\"elementor-cta__title elementor-cta__content-item elementor-content-item\">\n\t\t\t\t\t\tManuten\u00e7\u00e3o Industrial\t\t\t\t\t<\/h2>\n\t\t\t\t\n\t\t\t\t\t\t\t\t\t<div class=\"elementor-cta__description elementor-cta__content-item elementor-content-item\">\n\t\t\t\t\t\tA maior p\u00e1gina, cobrindo de Gest\u00e3o 4.0 a equipamentos espec\u00edficos.\t\t\t\t\t<\/div>\n\t\t\t\t\n\t\t\t\t\t\t\t\t\t<div class=\"elementor-cta__button-wrapper elementor-cta__content-item elementor-content-item \">\n\t\t\t\t\t<a class=\"elementor-cta__button elementor-button elementor-size-\">\n\t\t\t\t\t\tSaiba mais \t\t\t\t\t<\/a>\n\t\t\t\t\t<\/div>\n\t\t\t\t\t\t\t<\/div>\n\t\t\t\t\t\t<\/div>\n\t\t\t\t\t\t<\/div>\n\t\t\t\t<\/div>\n\t\t<div class=\"elementor-element elementor-element-7d93b66 e-con-full e-flex e-con e-child\" data-id=\"7d93b66\" data-element_type=\"container\" data-e-type=\"container\">\n\t\t\t\t<div class=\"elementor-element elementor-element-e524ded elementor-cta--valign-middle elementor-widget__width-initial elementor-cta--layout-image-above elementor-cta--skin-classic elementor-animated-content elementor-bg-transform elementor-bg-transform-zoom-in elementor-widget elementor-widget-call-to-action\" data-id=\"e524ded\" data-element_type=\"widget\" data-e-type=\"widget\" data-widget_type=\"call-to-action.default\">\n\t\t\t\t\t\t\t<div class=\"elementor-cta\">\n\t\t\t\t\t<div class=\"elementor-cta__bg-wrapper\">\n\t\t\t\t<div class=\"elementor-cta__bg elementor-bg\" style=\"background-image: url(https:\/\/imeservice.com.br\/wp-content\/uploads\/2026\/04\/Inspecao-de-Equipamentos-1024x1024.png);\" role=\"img\" aria-label=\"Inspe\u00e7\u00e3o de Equipamentos\"><\/div>\n\t\t\t\t<div class=\"elementor-cta__bg-overlay\"><\/div>\n\t\t\t<\/div>\n\t\t\t\t\t\t\t<div class=\"elementor-cta__content\">\n\t\t\t\t\n\t\t\t\t\t\t\t\t\t<h2 class=\"elementor-cta__title elementor-cta__content-item elementor-content-item\">\n\t\t\t\t\t\tInspe\u00e7\u00e3o de Equipamentos\t\t\t\t\t<\/h2>\n\t\t\t\t\n\t\t\t\t\t\t\t\t\t<div class=\"elementor-cta__description elementor-cta__content-item elementor-content-item\">\n\t\t\t\t\t\tFocado em NR-13, SPIE e Certifica\u00e7\u00e3o IBP.\t\t\t\t\t<\/div>\n\t\t\t\t\n\t\t\t\t\t\t\t\t\t<div class=\"elementor-cta__button-wrapper elementor-cta__content-item elementor-content-item \">\n\t\t\t\t\t<a class=\"elementor-cta__button elementor-button elementor-size-\">\n\t\t\t\t\t\tSaiba mais \t\t\t\t\t<\/a>\n\t\t\t\t\t<\/div>\n\t\t\t\t\t\t\t<\/div>\n\t\t\t\t\t\t<\/div>\n\t\t\t\t\t\t<\/div>\n\t\t\t\t<\/div>\n\t\t<div class=\"elementor-element elementor-element-e7f6350 e-con-full e-flex e-con e-child\" data-id=\"e7f6350\" data-element_type=\"container\" data-e-type=\"container\">\n\t\t\t\t<div class=\"elementor-element elementor-element-49820f5 elementor-cta--valign-middle elementor-widget__width-initial elementor-cta--skin-classic elementor-animated-content elementor-bg-transform elementor-bg-transform-zoom-in elementor-widget elementor-widget-call-to-action\" data-id=\"49820f5\" data-element_type=\"widget\" data-e-type=\"widget\" data-widget_type=\"call-to-action.default\">\n\t\t\t\t\t\t\t<div class=\"elementor-cta\">\n\t\t\t\t\t<div class=\"elementor-cta__bg-wrapper\">\n\t\t\t\t<div class=\"elementor-cta__bg elementor-bg\" style=\"background-image: url(https:\/\/imeservice.com.br\/wp-content\/uploads\/2026\/04\/Operacao-e-Processos-1024x1024.png);\" role=\"img\" aria-label=\"Opera\u00e7\u00e3o e Processos\"><\/div>\n\t\t\t\t<div class=\"elementor-cta__bg-overlay\"><\/div>\n\t\t\t<\/div>\n\t\t\t\t\t\t\t<div class=\"elementor-cta__content\">\n\t\t\t\t\n\t\t\t\t\t\t\t\t\t<h2 class=\"elementor-cta__title elementor-cta__content-item elementor-content-item\">\n\t\t\t\t\t\tOpera\u00e7\u00e3o e Processos\t\t\t\t\t<\/h2>\n\t\t\t\t\n\t\t\t\t\t\t\t\t\t<div class=\"elementor-cta__description elementor-cta__content-item elementor-content-item\">\n\t\t\t\t\t\tFocado em Plantas de Papel, Celulose e Refino.\t\t\t\t\t<\/div>\n\t\t\t\t\n\t\t\t\t\t\t\t\t\t<div class=\"elementor-cta__button-wrapper elementor-cta__content-item elementor-content-item \">\n\t\t\t\t\t<a class=\"elementor-cta__button elementor-button elementor-size-\">\n\t\t\t\t\t\tSaiba mais \t\t\t\t\t<\/a>\n\t\t\t\t\t<\/div>\n\t\t\t\t\t\t\t<\/div>\n\t\t\t\t\t\t<\/div>\n\t\t\t\t\t\t<\/div>\n\t\t\t\t<\/div>\n\t\t<div class=\"elementor-element elementor-element-a85eccd e-con-full e-flex e-con e-child\" data-id=\"a85eccd\" data-element_type=\"container\" data-e-type=\"container\">\n\t\t\t\t<div class=\"elementor-element elementor-element-6171f10 elementor-cta--valign-middle elementor-widget__width-initial elementor-cta--skin-classic elementor-animated-content elementor-bg-transform elementor-bg-transform-zoom-in elementor-widget elementor-widget-call-to-action\" data-id=\"6171f10\" data-element_type=\"widget\" data-e-type=\"widget\" data-widget_type=\"call-to-action.default\">\n\t\t\t\t\t\t\t<div class=\"elementor-cta\">\n\t\t\t\t\t<div class=\"elementor-cta__bg-wrapper\">\n\t\t\t\t<div class=\"elementor-cta__bg elementor-bg\" style=\"background-image: url(https:\/\/imeservice.com.br\/wp-content\/uploads\/2026\/04\/Seguranca-e-Saude-1024x1024.png);\" role=\"img\" aria-label=\"Seguran\u00e7a e Sa\u00fade\"><\/div>\n\t\t\t\t<div class=\"elementor-cta__bg-overlay\"><\/div>\n\t\t\t<\/div>\n\t\t\t\t\t\t\t<div class=\"elementor-cta__content\">\n\t\t\t\t\n\t\t\t\t\t\t\t\t\t<h2 class=\"elementor-cta__title elementor-cta__content-item elementor-content-item\">\n\t\t\t\t\t\tSeguran\u00e7a e Sa\u00fade\t\t\t\t\t<\/h2>\n\t\t\t\t\n\t\t\t\t\t\t\t\t\t<div class=\"elementor-cta__description elementor-cta__content-item elementor-content-item\">\n\t\t\t\t\t\tFocado em An\u00e1lise de Risco, NR's e CIPA.\t\t\t\t\t<\/div>\n\t\t\t\t\n\t\t\t\t\t\t\t\t\t<div class=\"elementor-cta__button-wrapper elementor-cta__content-item elementor-content-item \">\n\t\t\t\t\t<a class=\"elementor-cta__button elementor-button elementor-size-\">\n\t\t\t\t\t\tSaiba mais \t\t\t\t\t<\/a>\n\t\t\t\t\t<\/div>\n\t\t\t\t\t\t\t<\/div>\n\t\t\t\t\t\t<\/div>\n\t\t\t\t\t\t<\/div>\n\t\t\t\t<\/div>\n\t\t\t\t<\/div>\n\t\t\t\t\t<\/div>\n\t\t\t\t<\/div>\n\t\t<div class=\"elementor-element elementor-element-27a7e18 e-flex e-con-boxed e-con e-parent\" data-id=\"27a7e18\" data-element_type=\"container\" data-e-type=\"container\" data-settings=\"{&quot;background_background&quot;:&quot;classic&quot;,&quot;shape_divider_top&quot;:&quot;curve&quot;,&quot;shape_divider_top_negative&quot;:&quot;yes&quot;,&quot;shape_divider_bottom&quot;:&quot;curve&quot;,&quot;shape_divider_bottom_negative&quot;:&quot;yes&quot;}\">\n\t\t\t\t\t<div class=\"e-con-inner\">\n\t\t\t\t<div class=\"elementor-shape elementor-shape-top\" aria-hidden=\"true\" data-negative=\"true\">\n\t\t\t<svg xmlns=\"http:\/\/www.w3.org\/2000\/svg\" viewBox=\"0 0 1000 100\" preserveAspectRatio=\"none\">\n\t<path class=\"elementor-shape-fill\" d=\"M500,97C126.7,96.3,0.8,19.8,0,0v100l1000,0V1C1000,19.4,873.3,97.8,500,97z\"\/>\n<\/svg>\t\t<\/div>\n\t\t\t\t<div class=\"elementor-shape elementor-shape-bottom\" aria-hidden=\"true\" data-negative=\"true\">\n\t\t\t<svg xmlns=\"http:\/\/www.w3.org\/2000\/svg\" viewBox=\"0 0 1000 100\" preserveAspectRatio=\"none\">\n\t<path class=\"elementor-shape-fill\" d=\"M500,97C126.7,96.3,0.8,19.8,0,0v100l1000,0V1C1000,19.4,873.3,97.8,500,97z\"\/>\n<\/svg>\t\t<\/div>\n\t\t<div class=\"elementor-element elementor-element-1010047 e-con-full e-flex elementor-invisible e-con e-child\" data-id=\"1010047\" data-element_type=\"container\" data-e-type=\"container\" data-settings=\"{&quot;animation&quot;:&quot;slideInLeft&quot;}\">\n\t\t\t\t<div class=\"elementor-element elementor-element-d6de69e elementor-widget__width-initial elementor-widget elementor-widget-text-editor\" data-id=\"d6de69e\" data-element_type=\"widget\" data-e-type=\"widget\" data-widget_type=\"text-editor.default\">\n\t\t\t\t\t\t\t\t\t<h6>Especializa\u00e7\u00e3o Profissional<\/h6>\t\t\t\t\t\t\t\t<\/div>\n\t\t\t\t<div class=\"elementor-element elementor-element-c74ed3f elementor-widget__width-initial elementor-widget-mobile__width-initial elementor-widget elementor-widget-heading\" data-id=\"c74ed3f\" data-element_type=\"widget\" data-e-type=\"widget\" data-widget_type=\"heading.default\">\n\t\t\t\t\t<h2 class=\"elementor-heading-title elementor-size-default\">Reduza falhas e aumente a disponibilidade dos seus ativos<\/h2>\t\t\t\t<\/div>\n\t\t\t\t<div class=\"elementor-element elementor-element-483ed36 elementor-widget__width-initial elementor-widget elementor-widget-text-editor\" data-id=\"483ed36\" data-element_type=\"widget\" data-e-type=\"widget\" data-widget_type=\"text-editor.default\">\n\t\t\t\t\t\t\t\t\t<p>Transforme sua manuten\u00e7\u00e3o atrav\u00e9s de uma metodologia pr\u00e1tica e focada em resultados reais.<\/p>\t\t\t\t\t\t\t\t<\/div>\n\t\t\t\t<div class=\"elementor-element elementor-element-80b291f elementor-align-center elementor-widget__width-initial elementor-widget elementor-widget-button\" data-id=\"80b291f\" data-element_type=\"widget\" data-e-type=\"widget\" data-widget_type=\"button.default\">\n\t\t\t\t\t\t\t\t\t\t<a class=\"elementor-button elementor-button-link elementor-size-sm\" href=\"#\">\n\t\t\t\t\t\t<span class=\"elementor-button-content-wrapper\">\n\t\t\t\t\t\t<span class=\"elementor-button-icon\">\n\t\t\t\t<svg aria-hidden=\"true\" class=\"e-font-icon-svg e-fas-long-arrow-alt-right\" viewBox=\"0 0 448 512\" xmlns=\"http:\/\/www.w3.org\/2000\/svg\"><path d=\"M313.941 216H12c-6.627 0-12 5.373-12 12v56c0 6.627 5.373 12 12 12h301.941v46.059c0 21.382 25.851 32.09 40.971 16.971l86.059-86.059c9.373-9.373 9.373-24.569 0-33.941l-86.059-86.059c-15.119-15.119-40.971-4.411-40.971 16.971V216z\"><\/path><\/svg>\t\t\t<\/span>\n\t\t\t\t\t\t\t\t\t<span class=\"elementor-button-text\">QUERO CAPACITAR MINHA EQUIPE<\/span>\n\t\t\t\t\t<\/span>\n\t\t\t\t\t<\/a>\n\t\t\t\t\t\t\t\t<\/div>\n\t\t\t\t<\/div>\n\t\t\t\t\t<\/div>\n\t\t\t\t<\/div>\n\t\t\t\t<\/div>\n\t\t","protected":false},"excerpt":{"rendered":"<p>Nossos cursos Treinamentos e Consultoria em Engenharia Industrial Capacita\u00e7\u00e3o t\u00e9cnica de alto n\u00edvel e solu\u00e7\u00f5es estrat\u00e9gicas para o mercado 4.0. Aprenda com quem atuou nas maiores ind\u00fastrias do pa\u00eds. Solicitar Or\u00e7amento para Turmas Consultoria T\u00e9cnica Focado em Engenharia de Manuten\u00e7\u00e3o, Auditorias e Per\u00edcias. Saiba mais Manuten\u00e7\u00e3o Industrial A maior p\u00e1gina, cobrindo de Gest\u00e3o 4.0 a [&hellip;]<\/p>\n","protected":false},"author":1,"featured_media":0,"parent":0,"menu_order":0,"comment_status":"closed","ping_status":"closed","template":"","meta":{"footnotes":""},"class_list":["post-14","page","type-page","status-publish","hentry"],"yoast_head":"<!-- This site is optimized with the Yoast SEO plugin v27.4 - https:\/\/yoast.com\/product\/yoast-seo-wordpress\/ -->\n<title>Nossos Cursos - lme | Instituto De Manuten\u00e7\u00e3o E Engenharia<\/title>\n<meta name=\"robots\" content=\"index, follow, max-snippet:-1, max-image-preview:large, max-video-preview:-1\" \/>\n<link rel=\"canonical\" href=\"https:\/\/imeservice.com.br\/?page_id=14\" \/>\n<meta property=\"og:locale\" content=\"pt_BR\" \/>\n<meta property=\"og:type\" content=\"article\" \/>\n<meta property=\"og:title\" content=\"Nossos Cursos - lme | Instituto De Manuten\u00e7\u00e3o E Engenharia\" \/>\n<meta property=\"og:description\" content=\"Nossos cursos Treinamentos e Consultoria em Engenharia Industrial Capacita\u00e7\u00e3o t\u00e9cnica de alto n\u00edvel e solu\u00e7\u00f5es estrat\u00e9gicas para o mercado 4.0. Aprenda com quem atuou nas maiores ind\u00fastrias do pa\u00eds. Solicitar Or\u00e7amento para Turmas Consultoria T\u00e9cnica Focado em Engenharia de Manuten\u00e7\u00e3o, Auditorias e Per\u00edcias. Saiba mais Manuten\u00e7\u00e3o Industrial A maior p\u00e1gina, cobrindo de Gest\u00e3o 4.0 a [&hellip;]\" \/>\n<meta property=\"og:url\" content=\"https:\/\/imeservice.com.br\/?page_id=14\" \/>\n<meta property=\"og:site_name\" content=\"lme | Instituto De Manuten\u00e7\u00e3o E Engenharia\" \/>\n<meta property=\"article:modified_time\" content=\"2026-04-18T09:21:26+00:00\" \/>\n<meta name=\"twitter:card\" content=\"summary_large_image\" \/>\n<meta name=\"twitter:label1\" content=\"Est. tempo de leitura\" \/>\n\t<meta name=\"twitter:data1\" content=\"1 minuto\" \/>\n<script type=\"application\/ld+json\" class=\"yoast-schema-graph\">{\"@context\":\"https:\\\/\\\/schema.org\",\"@graph\":[{\"@type\":\"WebPage\",\"@id\":\"https:\\\/\\\/imeservice.com.br\\\/?page_id=14\",\"url\":\"https:\\\/\\\/imeservice.com.br\\\/?page_id=14\",\"name\":\"Nossos Cursos - lme | Instituto De Manuten\u00e7\u00e3o E Engenharia\",\"isPartOf\":{\"@id\":\"https:\\\/\\\/imeservice.com.br\\\/#website\"},\"datePublished\":\"2026-04-10T18:31:12+00:00\",\"dateModified\":\"2026-04-18T09:21:26+00:00\",\"breadcrumb\":{\"@id\":\"https:\\\/\\\/imeservice.com.br\\\/?page_id=14#breadcrumb\"},\"inLanguage\":\"pt-BR\",\"potentialAction\":[{\"@type\":\"ReadAction\",\"target\":[\"https:\\\/\\\/imeservice.com.br\\\/?page_id=14\"]}]},{\"@type\":\"BreadcrumbList\",\"@id\":\"https:\\\/\\\/imeservice.com.br\\\/?page_id=14#breadcrumb\",\"itemListElement\":[{\"@type\":\"ListItem\",\"position\":1,\"name\":\"In\u00edcio\",\"item\":\"https:\\\/\\\/imeservice.com.br\\\/\"},{\"@type\":\"ListItem\",\"position\":2,\"name\":\"Nossos Cursos\"}]},{\"@type\":\"WebSite\",\"@id\":\"https:\\\/\\\/imeservice.com.br\\\/#website\",\"url\":\"https:\\\/\\\/imeservice.com.br\\\/\",\"name\":\"lme | Instituto De Manuten\u00e7\u00e3o E Engenharia\",\"description\":\"\",\"publisher\":{\"@id\":\"https:\\\/\\\/imeservice.com.br\\\/#organization\"},\"potentialAction\":[{\"@type\":\"SearchAction\",\"target\":{\"@type\":\"EntryPoint\",\"urlTemplate\":\"https:\\\/\\\/imeservice.com.br\\\/?s={search_term_string}\"},\"query-input\":{\"@type\":\"PropertyValueSpecification\",\"valueRequired\":true,\"valueName\":\"search_term_string\"}}],\"inLanguage\":\"pt-BR\"},{\"@type\":\"Organization\",\"@id\":\"https:\\\/\\\/imeservice.com.br\\\/#organization\",\"name\":\"lme | Instituto De Manuten\u00e7\u00e3o E Engenharia\",\"url\":\"https:\\\/\\\/imeservice.com.br\\\/\",\"logo\":{\"@type\":\"ImageObject\",\"inLanguage\":\"pt-BR\",\"@id\":\"https:\\\/\\\/imeservice.com.br\\\/#\\\/schema\\\/logo\\\/image\\\/\",\"url\":\"https:\\\/\\\/imeservice.com.br\\\/wp-content\\\/uploads\\\/2026\\\/04\\\/Logo-IME-INSTITUTO-DE-MANUTENCAO-E-ENGENHARIA-2.png\",\"contentUrl\":\"https:\\\/\\\/imeservice.com.br\\\/wp-content\\\/uploads\\\/2026\\\/04\\\/Logo-IME-INSTITUTO-DE-MANUTENCAO-E-ENGENHARIA-2.png\",\"width\":500,\"height\":500,\"caption\":\"lme | Instituto De Manuten\u00e7\u00e3o E Engenharia\"},\"image\":{\"@id\":\"https:\\\/\\\/imeservice.com.br\\\/#\\\/schema\\\/logo\\\/image\\\/\"}}]}<\/script>\n<!-- \/ Yoast SEO plugin. -->","yoast_head_json":{"title":"Nossos Cursos - lme | Instituto De Manuten\u00e7\u00e3o E Engenharia","robots":{"index":"index","follow":"follow","max-snippet":"max-snippet:-1","max-image-preview":"max-image-preview:large","max-video-preview":"max-video-preview:-1"},"canonical":"https:\/\/imeservice.com.br\/?page_id=14","og_locale":"pt_BR","og_type":"article","og_title":"Nossos Cursos - lme | Instituto De Manuten\u00e7\u00e3o E Engenharia","og_description":"Nossos cursos Treinamentos e Consultoria em Engenharia Industrial Capacita\u00e7\u00e3o t\u00e9cnica de alto n\u00edvel e solu\u00e7\u00f5es estrat\u00e9gicas para o mercado 4.0. Aprenda com quem atuou nas maiores ind\u00fastrias do pa\u00eds. Solicitar Or\u00e7amento para Turmas Consultoria T\u00e9cnica Focado em Engenharia de Manuten\u00e7\u00e3o, Auditorias e Per\u00edcias. Saiba mais Manuten\u00e7\u00e3o Industrial A maior p\u00e1gina, cobrindo de Gest\u00e3o 4.0 a [&hellip;]","og_url":"https:\/\/imeservice.com.br\/?page_id=14","og_site_name":"lme | Instituto De Manuten\u00e7\u00e3o E Engenharia","article_modified_time":"2026-04-18T09:21:26+00:00","twitter_card":"summary_large_image","twitter_misc":{"Est. tempo de leitura":"1 minuto"},"schema":{"@context":"https:\/\/schema.org","@graph":[{"@type":"WebPage","@id":"https:\/\/imeservice.com.br\/?page_id=14","url":"https:\/\/imeservice.com.br\/?page_id=14","name":"Nossos Cursos - lme | Instituto De Manuten\u00e7\u00e3o E Engenharia","isPartOf":{"@id":"https:\/\/imeservice.com.br\/#website"},"datePublished":"2026-04-10T18:31:12+00:00","dateModified":"2026-04-18T09:21:26+00:00","breadcrumb":{"@id":"https:\/\/imeservice.com.br\/?page_id=14#breadcrumb"},"inLanguage":"pt-BR","potentialAction":[{"@type":"ReadAction","target":["https:\/\/imeservice.com.br\/?page_id=14"]}]},{"@type":"BreadcrumbList","@id":"https:\/\/imeservice.com.br\/?page_id=14#breadcrumb","itemListElement":[{"@type":"ListItem","position":1,"name":"In\u00edcio","item":"https:\/\/imeservice.com.br\/"},{"@type":"ListItem","position":2,"name":"Nossos Cursos"}]},{"@type":"WebSite","@id":"https:\/\/imeservice.com.br\/#website","url":"https:\/\/imeservice.com.br\/","name":"lme | Instituto De Manuten\u00e7\u00e3o E Engenharia","description":"","publisher":{"@id":"https:\/\/imeservice.com.br\/#organization"},"potentialAction":[{"@type":"SearchAction","target":{"@type":"EntryPoint","urlTemplate":"https:\/\/imeservice.com.br\/?s={search_term_string}"},"query-input":{"@type":"PropertyValueSpecification","valueRequired":true,"valueName":"search_term_string"}}],"inLanguage":"pt-BR"},{"@type":"Organization","@id":"https:\/\/imeservice.com.br\/#organization","name":"lme | Instituto De Manuten\u00e7\u00e3o E Engenharia","url":"https:\/\/imeservice.com.br\/","logo":{"@type":"ImageObject","inLanguage":"pt-BR","@id":"https:\/\/imeservice.com.br\/#\/schema\/logo\/image\/","url":"https:\/\/imeservice.com.br\/wp-content\/uploads\/2026\/04\/Logo-IME-INSTITUTO-DE-MANUTENCAO-E-ENGENHARIA-2.png","contentUrl":"https:\/\/imeservice.com.br\/wp-content\/uploads\/2026\/04\/Logo-IME-INSTITUTO-DE-MANUTENCAO-E-ENGENHARIA-2.png","width":500,"height":500,"caption":"lme | Instituto De Manuten\u00e7\u00e3o E Engenharia"},"image":{"@id":"https:\/\/imeservice.com.br\/#\/schema\/logo\/image\/"}}]}},"_hostinger_reach_plugin_has_subscription_block":false,"_hostinger_reach_plugin_is_elementor":false,"_links":{"self":[{"href":"https:\/\/imeservice.com.br\/index.php?rest_route=\/wp\/v2\/pages\/14","targetHints":{"allow":["GET"]}}],"collection":[{"href":"https:\/\/imeservice.com.br\/index.php?rest_route=\/wp\/v2\/pages"}],"about":[{"href":"https:\/\/imeservice.com.br\/index.php?rest_route=\/wp\/v2\/types\/page"}],"author":[{"embeddable":true,"href":"https:\/\/imeservice.com.br\/index.php?rest_route=\/wp\/v2\/users\/1"}],"replies":[{"embeddable":true,"href":"https:\/\/imeservice.com.br\/index.php?rest_route=%2Fwp%2Fv2%2Fcomments&post=14"}],"version-history":[{"count":20,"href":"https:\/\/imeservice.com.br\/index.php?rest_route=\/wp\/v2\/pages\/14\/revisions"}],"predecessor-version":[{"id":263,"href":"https:\/\/imeservice.com.br\/index.php?rest_route=\/wp\/v2\/pages\/14\/revisions\/263"}],"wp:attachment":[{"href":"https:\/\/imeservice.com.br\/index.php?rest_route=%2Fwp%2Fv2%2Fmedia&parent=14"}],"curies":[{"name":"wp","href":"https:\/\/api.w.org\/{rel}","templated":true}]}}